{"id":969,"date":"2020-12-08T19:38:21","date_gmt":"2020-12-08T18:38:21","guid":{"rendered":"https:\/\/plauserspeckladele.it\/?post_type=product&#038;p=969"},"modified":"2022-04-12T12:27:57","modified_gmt":"2022-04-12T10:27:57","slug":"originale-suedtiroler-schuerze","status":"publish","type":"product","link":"https:\/\/plauserspeckladele.it\/?product=originale-suedtiroler-schuerze","title":{"rendered":"Originale S\u00fcdtiroler Sch\u00fcrze"},"content":{"rendered":"","protected":false},"excerpt":{"rendered":"<p>Traditionelle S\u00fcdtiroler Bauernsch\u00fcrze<\/p>\n","protected":false},"featured_media":972,"comment_status":"closed","ping_status":"closed","template":"","meta":[],"product_brand":[],"product_cat":[40],"product_tag":[],"class_list":{"0":"post-969","1":"product","2":"type-product","3":"status-publish","4":"has-post-thumbnail","6":"product_cat-geschenksideen","8":"first","9":"instock","10":"taxable","11":"shipping-taxable","12":"purchasable","13":"product-type-simple"},"_links":{"self":[{"href":"https:\/\/plauserspeckladele.it\/index.php?rest_route=\/wp\/v2\/product\/969","targetHints":{"allow":["GET"]}}],"collection":[{"href":"https:\/\/plauserspeckladele.it\/index.php?rest_route=\/wp\/v2\/product"}],"about":[{"href":"https:\/\/plauserspeckladele.it\/index.php?rest_route=\/wp\/v2\/types\/product"}],"replies":[{"embeddable":true,"href":"https:\/\/plauserspeckladele.it\/index.php?rest_route=%2Fwp%2Fv2%2Fcomments&post=969"}],"wp:featuredmedia":[{"embeddable":true,"href":"https:\/\/plauserspeckladele.it\/index.php?rest_route=\/wp\/v2\/media\/972"}],"wp:attachment":[{"href":"https:\/\/plauserspeckladele.it\/index.php?rest_route=%2Fwp%2Fv2%2Fmedia&parent=969"}],"wp:term":[{"taxonomy":"product_brand","embeddable":true,"href":"https:\/\/plauserspeckladele.it\/index.php?rest_route=%2Fwp%2Fv2%2Fproduct_brand&post=969"},{"taxonomy":"product_cat","embeddable":true,"href":"https:\/\/plauserspeckladele.it\/index.php?rest_route=%2Fwp%2Fv2%2Fproduct_cat&post=969"},{"taxonomy":"product_tag","embeddable":true,"href":"https:\/\/plauserspeckladele.it\/index.php?rest_route=%2Fwp%2Fv2%2Fproduct_tag&post=969"}],"curies":[{"name":"wp","href":"https:\/\/api.w.org\/{rel}","templated":true}]}}